{"id":277,"date":"2024-05-30T11:06:25","date_gmt":"2024-05-30T09:06:25","guid":{"rendered":"https:\/\/francoisemonnier.com\/?page_id=277"},"modified":"2024-05-30T19:09:46","modified_gmt":"2024-05-30T17:09:46","slug":"ecritures-dherbes-2021","status":"publish","type":"page","link":"https:\/\/francoisemonnier.com\/index.php\/ecritures-dherbes-2021\/","title":{"rendered":"\u00c9critures d\u2019herbes, 2021"},"content":{"rendered":"\n<blockquote class=\"wp-block-quote is-layout-flow wp-block-quote-is-layout-flow\">\n<p>L\u2019\u0153uvre n\u2019est que l\u2019\u00eele de d\u00e9part pour la grande randonn\u00e9e.<em><br><\/em>L\u2019expression spontan\u00e9e donne comme par magie une v\u00e9rit\u00e9 existentielle \u00e0 la peinture. Par le mouvement du pinceau, je suscite une sorte de mutation cr\u00e9atrice. Peut-\u00eatre est-ce une n\u00e9cessit\u00e9 int\u00e9rieure de cr\u00e9er des mondes o\u00f9 l\u2019on ne meurt pas. O\u00f9 la vie demeure. Transmettre des harmonies subtiles qui soient une \u00e9nigme sonnant comme une clart\u00e9.<\/p>\n<cite>Fabienne Verdier, Entretien avec Fabienne Verdier par Charles Juliet, p.53 Editions Albin Michel, 2007<\/cite><\/blockquote>\n\n\n\n<style id=\"bwg-style-0\">      #bwg_container1_0 #bwg_container2_0 #bwg_mosaic_thumbnails_div_0 {        width: 100%;        position: relative;        background-color: rgba(255, 255, 255, 0.00);        text-align: center;        justify-content: center;                  margin-left: auto;          margin-right: auto;                    padding-left: 2px;          padding-top: 2px;                }          #bwg_container1_0 #bwg_container2_0 .bwg_mosaic_thumb_spun_0 {        display: block;        position: absolute;\t\t\t\tborder-radius: 0;\t\t\t\tborder: 0px none #CCCCCC;    \t\t    \t\tbackground-color:rgba(0,0,0, 0.30);        -moz-box-sizing: content-box !important;        -webkit-box-sizing: content-box !important;        box-sizing: content-box !important;      }\t\t\t#bwg_container1_0 #bwg_container2_0 .bwg_mosaic_thumb_0 {\t\t\t\tdisplay: block;\t\t\t\t-moz-box-sizing: content-box !important;\t\t\t\t-webkit-box-sizing: content-box !important;\t\t\t\tbox-sizing: content-box !important;\t\t\t\tmargin: 0;\t\t\t\topacity: 1.00;\t\t\t}      #bwg_container1_0 #bwg_container2_0 .bwg_mosaic_thumb_spun_0:hover {        opacity: 1;        backface-visibility: hidden;        -webkit-backface-visibility: hidden;        -moz-backface-visibility: hidden;        -ms-backface-visibility: hidden;        z-index: 102;      }\t     @media only screen and (min-width: 480px) {\t\t#bwg_container1_0 #bwg_container2_0 .bwg-container-0.bwg-mosaic-thumbnails .bwg-item0 img {\t\t\t-webkit-transition: -webkit-transform .3s; transition: transform .3s;\t\t}\t\t#bwg_container1_0 #bwg_container2_0 .bwg-container-0.bwg-mosaic-thumbnails .bwg-item0 img:hover {\t\t\t-ms-transform: scale(1.08);\t\t\t-webkit-transform: scale(1.08);\t\t\ttransform: scale(1.08);\t\t}\t\t      }\t      #bwg_container1_0 #bwg_container2_0 .bwg_mosaic_thumbnails_0 {        background-color: rgba(255, 255, 255, 0.00);        font-size: 0;        position: relative;        text-align: center;        display: inline-block;        visibility: hidden;              }\t  \/*image title styles*\/      #bwg_container1_0 #bwg_container2_0 .bwg_mosaic_title_spun1_0,      #bwg_container1_0 #bwg_container2_0 .bwg-mosaic-thumbnails .bwg_ecommerce_spun1_0 {        position: absolute;        display: block;        opacity: 0;        box-sizing: border-box;        text-align: center;\t\t\t\ttop: 50%;\t\t\t\tleft: 50%;\t\t\t\ttransform: translate(-50%, -50%);      }      #bwg_container1_0 #bwg_container2_0 .bwg-mosaic-thumbnails .bwg_mosaic_title_spun2_0,      #bwg_container1_0 #bwg_container2_0 .bwg-mosaic-thumbnails .bwg_ecommerce_spun2_0 {\t\t    color: #323A45;        font-family: Ubuntu;        font-size: 16px;        font-weight: bold;        text-shadow: ;        vertical-align: middle;        word-wrap: break-word;      }            .bwg_mosaic_play_icon_spun_0 {        display: table;        position: absolute;        left: -10000px;        top: 0px;        opacity: 0;      }      .bwg_mosaic_play_icon_0 {        color: #323A45;        font-size: 32px;        vertical-align: middle;        display: table-cell !important;        z-index: 1;        text-align: center;        margin: 0 auto;      }      #bwg_container1_0 #bwg_container2_0 .bwg_gal_title_0 {        background-color: rgba(0, 0, 0, 0);        color: #323A45;        display: block;        font-family: Ubuntu;        font-size: 16px;        font-weight: bold;        padding: 2px;        text-shadow: ;        text-align: center;      }            @media screen and (max-width: 350px) {      div[class^=\"bwg_mosaic_thumbnails_\"],      span[class^=\"bwg_mosaic_thumb_spun_\"] {      width: 100% !important;      }      img[class^=\"bwg_mosaic_thumb_\"] {      width: 100% !important;      height: auto !important;      margin: 0px auto !important;      }      }      <\/style>    <div id=\"bwg_container1_0\"         class=\"bwg_container bwg_thumbnail bwg_thumbnails_mosaic \"         data-right-click-protection=\"0\"         data-bwg=\"0\"         data-scroll=\"0\"         data-gallery-type=\"thumbnails_mosaic\"         data-gallery-view-type=\"thumbnails_mosaic\"         data-current-url=\"\/index.php\/wp-json\/wp\/v2\/pages\/277\"         data-lightbox-url=\"https:\/\/francoisemonnier.com\/wp-admin\/admin-ajax.php?action=GalleryBox&#038;current_view=0&#038;gallery_id=2&#038;tag=0&#038;theme_id=1&#038;shortcode_id=12&#038;sort_by=order&#038;order_by=asc&#038;current_url=%2Findex.php%2Fwp-json%2Fwp%2Fv2%2Fpages%2F277\"         data-gallery-id=\"2\"         data-popup-width=\"800\"         data-popup-height=\"500\"         data-is-album=\"gallery\"         data-buttons-position=\"bottom\">      <div id=\"bwg_container2_0\">             <div id=\"ajax_loading_0\" class=\"bwg_loading_div_1\">      <div class=\"bwg_loading_div_2\">        <div class=\"bwg_loading_div_3\">          <div id=\"loading_div_0\" class=\"bwg_spider_ajax_loading\">          <\/div>        <\/div>      <\/div>    <\/div>            <form id=\"gal_front_form_0\"              class=\"bwg-hidden\"              method=\"post\"              action=\"#\"              data-current=\"0\"              data-shortcode-id=\"12\"              data-gallery-type=\"thumbnails_mosaic\"              data-gallery-id=\"2\"              data-tag=\"0\"              data-album-id=\"0\"              data-theme-id=\"1\"              data-ajax-url=\"https:\/\/francoisemonnier.com\/wp-admin\/admin-ajax.php?action=bwg_frontend_data\">          <div id=\"bwg_container3_0\" class=\"bwg-background bwg-background-0\">                <div id=\"bwg_mosaic_thumbnails_div_0\"         class=\"bwg-container-0 bwg-container bwg-mosaic-thumbnails\"         data-bwg=\"0\"         data-mosaic-direction=\"vertical\"         data-resizable=\"0\"         data-width=\"250\"         data-height=\"250\"         data-total-width=\"100\"         data-block-id=\"bwg_thumbnails_mosaic_0\"         data-thumb-padding=\"2\"         data-thumb-border=\"0\"         data-title-margin=\"2px\"         data-image-title=\"none\"         data-play-icon=\"1\"         data-ecommerce-icon=\"none\"         data-gallery-id=\"2\"         data-lightbox-url=\"https:\/\/francoisemonnier.com\/wp-admin\/admin-ajax.php?action=GalleryBox&#038;current_view=0&#038;gallery_id=2&#038;tag=0&#038;theme_id=1&#038;shortcode_id=12&#038;sort_by=order&#038;order_by=asc&#038;current_url=%2Findex.php%2Fwp-json%2Fwp%2Fv2%2Fpages%2F277\"         data-mosaic-thumb-transition=\"1\"         style=\"visibility: hidden\" >      <div id=\"bwg_thumbnails_mosaic_0\" class=\"bwg_mosaic_thumbnails_0\">                  <a  class=\"bwg-a bwg_lightbox bwg_lightbox_0\" href=\"https:\/\/francoisemonnier.com\/wp-content\/uploads\/photo-gallery\/imported_from_media_libray\/FM-Ecriture-dherbes-1-acrylique-sur-toile-et-mine-graphite-120x100-2021.jpg?bwg=1717058428\" data-image-id=\"9\" data-elementor-open-lightbox=\"no\">          <div class=\"bwg_mosaic_thumb_spun_0 bwg-item0 bwg-mosaic-thumb-span \">            <img decoding=\"async\" class=\"bwg_mosaic_thumb_0 skip-lazy bwg_img_clear bwg_img_custom \"                 id=\"9\"                 src=\"https:\/\/francoisemonnier.com\/wp-content\/uploads\/photo-gallery\/imported_from_media_libray\/thumb\/FM-Ecriture-dherbes-1-acrylique-sur-toile-et-mine-graphite-120x100-2021.jpg?bwg=1717058428\"                 data-src=\"https:\/\/francoisemonnier.com\/wp-content\/uploads\/photo-gallery\/imported_from_media_libray\/thumb\/FM-Ecriture-dherbes-1-acrylique-sur-toile-et-mine-graphite-120x100-2021.jpg?bwg=1717058428\"                 data-width=\"420.00\"                 data-height=\"500.00\"                 alt=\"FM- Ecriture d&#039;herbes-1-acrylique sur toile et mine graphite -120x100-2021\"                 title=\"FM- Ecriture d&#039;herbes-1-acrylique sur toile et mine graphite -120x100-2021\" \/>                      <\/div>        <\/a>                <a  class=\"bwg-a bwg_lightbox bwg_lightbox_0\" href=\"https:\/\/francoisemonnier.com\/wp-content\/uploads\/photo-gallery\/imported_from_media_libray\/FM-Ecriture-dherbes-2-acrylique-sur-toile-et-mine-graphite-120x100-2021-1.jpg?bwg=1717058428\" data-image-id=\"8\" data-elementor-open-lightbox=\"no\">          <div class=\"bwg_mosaic_thumb_spun_0 bwg-item0 bwg-mosaic-thumb-span \">            <img decoding=\"async\" class=\"bwg_mosaic_thumb_0 skip-lazy bwg_img_clear bwg_img_custom \"                 id=\"8\"                 src=\"https:\/\/francoisemonnier.com\/wp-content\/uploads\/photo-gallery\/imported_from_media_libray\/thumb\/FM-Ecriture-dherbes-2-acrylique-sur-toile-et-mine-graphite-120x100-2021-1.jpg?bwg=1717058428\"                 data-src=\"https:\/\/francoisemonnier.com\/wp-content\/uploads\/photo-gallery\/imported_from_media_libray\/thumb\/FM-Ecriture-dherbes-2-acrylique-sur-toile-et-mine-graphite-120x100-2021-1.jpg?bwg=1717058428\"                 data-width=\"414.00\"                 data-height=\"500.00\"                 alt=\"FM- Ecriture d&#039;herbes-2-acrylique sur toile et mine graphite -120x100-2021\"                 title=\"FM- Ecriture d&#039;herbes-2-acrylique sur toile et mine graphite -120x100-2021\" \/>                      <\/div>        <\/a>                <a  class=\"bwg-a bwg_lightbox bwg_lightbox_0\" href=\"https:\/\/francoisemonnier.com\/wp-content\/uploads\/photo-gallery\/imported_from_media_libray\/FM-Ecriture-dherbes-3-acrylique-sur-toile-et-mine-graphite-120x100-2-scaled.jpg?bwg=1717058428\" data-image-id=\"7\" data-elementor-open-lightbox=\"no\">          <div class=\"bwg_mosaic_thumb_spun_0 bwg-item0 bwg-mosaic-thumb-span \">            <img decoding=\"async\" class=\"bwg_mosaic_thumb_0 skip-lazy bwg_img_clear bwg_img_custom \"                 id=\"7\"                 src=\"https:\/\/francoisemonnier.com\/wp-content\/uploads\/photo-gallery\/imported_from_media_libray\/thumb\/FM-Ecriture-dherbes-3-acrylique-sur-toile-et-mine-graphite-120x100-2-scaled.jpg?bwg=1717058428\"                 data-src=\"https:\/\/francoisemonnier.com\/wp-content\/uploads\/photo-gallery\/imported_from_media_libray\/thumb\/FM-Ecriture-dherbes-3-acrylique-sur-toile-et-mine-graphite-120x100-2-scaled.jpg?bwg=1717058428\"                 data-width=\"410.00\"                 data-height=\"500.00\"                 alt=\"FM- Ecriture d&#039;herbes-3-acrylique sur toile et mine graphite -120x100-2021\"                 title=\"FM- Ecriture d&#039;herbes-3-acrylique sur toile et mine graphite -120x100-2021\" \/>                      <\/div>        <\/a>                <a  class=\"bwg-a bwg_lightbox bwg_lightbox_0\" href=\"https:\/\/francoisemonnier.com\/wp-content\/uploads\/photo-gallery\/imported_from_media_libray\/FM-Ecriture-dherbes-3-acrylique-sur-toile-et-mine-graphite-120x100-2021-2-1.jpg?bwg=1717058428\" data-image-id=\"6\" data-elementor-open-lightbox=\"no\">          <div class=\"bwg_mosaic_thumb_spun_0 bwg-item0 bwg-mosaic-thumb-span \">            <img decoding=\"async\" class=\"bwg_mosaic_thumb_0 skip-lazy bwg_img_clear bwg_img_custom \"                 id=\"6\"                 src=\"https:\/\/francoisemonnier.com\/wp-content\/uploads\/photo-gallery\/imported_from_media_libray\/thumb\/FM-Ecriture-dherbes-3-acrylique-sur-toile-et-mine-graphite-120x100-2021-2-1.jpg?bwg=1717058428\"                 data-src=\"https:\/\/francoisemonnier.com\/wp-content\/uploads\/photo-gallery\/imported_from_media_libray\/thumb\/FM-Ecriture-dherbes-3-acrylique-sur-toile-et-mine-graphite-120x100-2021-2-1.jpg?bwg=1717058428\"                 data-width=\"414.00\"                 data-height=\"500.00\"                 alt=\"FM- Ecriture d&#039;herbes-3-acrylique sur toile et mine graphite -120x100-2021 (2)\"                 title=\"FM- Ecriture d&#039;herbes-3-acrylique sur toile et mine graphite -120x100-2021 (2)\" \/>                      <\/div>        <\/a>                <a  class=\"bwg-a bwg_lightbox bwg_lightbox_0\" href=\"https:\/\/francoisemonnier.com\/wp-content\/uploads\/photo-gallery\/imported_from_media_libray\/FM-Ecriture-dherbes-4-acrylique-sur-toile-et-mine-graphite-120x100-2-scaled.jpg?bwg=1717058428\" data-image-id=\"5\" data-elementor-open-lightbox=\"no\">          <div class=\"bwg_mosaic_thumb_spun_0 bwg-item0 bwg-mosaic-thumb-span \">            <img decoding=\"async\" class=\"bwg_mosaic_thumb_0 skip-lazy bwg_img_clear bwg_img_custom \"                 id=\"5\"                 src=\"https:\/\/francoisemonnier.com\/wp-content\/uploads\/photo-gallery\/imported_from_media_libray\/thumb\/FM-Ecriture-dherbes-4-acrylique-sur-toile-et-mine-graphite-120x100-2-scaled.jpg?bwg=1717058428\"                 data-src=\"https:\/\/francoisemonnier.com\/wp-content\/uploads\/photo-gallery\/imported_from_media_libray\/thumb\/FM-Ecriture-dherbes-4-acrylique-sur-toile-et-mine-graphite-120x100-2-scaled.jpg?bwg=1717058428\"                 data-width=\"415.00\"                 data-height=\"500.00\"                 alt=\"FM- Ecriture d&#039;herbes-4-acrylique sur toile et mine graphite -120x100\"                 title=\"FM- Ecriture d&#039;herbes-4-acrylique sur toile et mine graphite -120x100\" \/>                      <\/div>        <\/a>            <\/div>    <\/div>    <style>      \/*pagination styles*\/      #bwg_container1_0 #bwg_container2_0 .tablenav-pages_0 {\t\t\t\ttext-align: center;\t\t\t\tfont-size: 12px;\t\t\t\tfont-family: Ubuntu;\t\t\t\tfont-weight: bold;\t\t\t\tcolor: #666666;\t\t\t\tmargin: 6px 0 4px;\t\t\t\tdisplay: block;      }      @media only screen and (max-width : 320px) {      #bwg_container1_0 #bwg_container2_0 .displaying-num_0 {     \t display: none;      }      }      #bwg_container1_0 #bwg_container2_0 .displaying-num_0 {\t\t\t\tfont-size: 12px;\t\t\t\tfont-family: Ubuntu;\t\t\t\tfont-weight: bold;\t\t\t\tcolor: #666666;\t\t\t\tmargin-right: 10px;\t\t\t\tvertical-align: middle;      }      #bwg_container1_0 #bwg_container2_0 .paging-input_0 {\t\t\t\tfont-size: 12px;\t\t\t\tfont-family: Ubuntu;\t\t\t\tfont-weight: bold;\t\t\t\tcolor: #666666;\t\t\t\tvertical-align: middle;      }      #bwg_container1_0 #bwg_container2_0 .tablenav-pages_0 a.disabled,      #bwg_container1_0 #bwg_container2_0 .tablenav-pages_0 a.disabled:hover,      #bwg_container1_0 #bwg_container2_0 .tablenav-pages_0 a.disabled:focus,\t\t\t#bwg_container1_0 #bwg_container2_0 .tablenav-pages_0 input.bwg_current_page {\t\t\t\tcursor: default;\t\t\t\tcolor: rgba(102, 102, 102, 0.5);      }      #bwg_container1_0 #bwg_container2_0 .tablenav-pages_0 a,      #bwg_container1_0 #bwg_container2_0 .tablenav-pages_0 input.bwg_current_page {\t\t\t\tcursor: pointer;\t\t\t\ttext-align: center;\t\t\t\tfont-size: 12px;\t\t\t\tfont-family: Ubuntu;\t\t\t\tfont-weight: bold;\t\t\t\tcolor: #666666;\t\t\t\ttext-decoration: none;\t\t\t\tpadding: 3px 6px;\t\t\t\tmargin: 0;\t\t\t\tborder-radius: 0;\t\t\t\tborder-style: solid;\t\t\t\tborder-width: 1px;\t\t\t\tborder-color: #E3E3E3;\t\t\t\t\t\t\t\tbackground-color: rgba(255, 255, 255, 1.00);\t\t\t\tbox-shadow: 0;\t\t\t\ttransition: all 0.3s ease 0s;-webkit-transition: all 0.3s ease 0s;      }      <\/style>      <span class=\"bwg_nav_cont_0\">              <div class=\"tablenav-pages_0\">                  <\/div>                <input type=\"hidden\" id=\"page_number_0\" name=\"page_number_0\" value=\"1\" \/>      <script type=\"text\/javascript\">        if( jQuery('.bwg_nav_cont_0').length > 1 ) {          jQuery('.bwg_nav_cont_0').first().remove()        }        function spider_page_0(cur, x, y, load_more) {          if (typeof load_more == \"undefined\") {            var load_more = false;          }          if (jQuery(cur).hasClass('disabled')) {            return false;          }          var items_county_0 = 1;          switch (y) {            case 1:              if (x >= items_county_0) {                document.getElementById('page_number_0').value = items_county_0;              }              else {                document.getElementById('page_number_0').value = x + 1;              }              break;            case 2:              document.getElementById('page_number_0').value = items_county_0;              break;            case -1:              if (x == 1) {                document.getElementById('page_number_0').value = 1;              }              else {                document.getElementById('page_number_0').value = x - 1;              }              break;            case -2:              document.getElementById('page_number_0').value = 1;              break;\t\t\t\t\t\tcase 0:              document.getElementById('page_number_0').value = x;              break;            default:              document.getElementById('page_number_0').value = 1;          }          bwg_ajax('gal_front_form_0', '0', 'bwg_thumbnails_mosaic_0', '0', '', 'gallery', 0, '', '', load_more, '', 1);        }                    jQuery('.first-page-0').on('click', function () {              spider_page_0(this, 1, -2, 'numeric');              return false;            });            jQuery('.prev-page-0').on('click', function () {              spider_page_0(this, 1, -1, 'numeric');              return false;            });            jQuery('.next-page-0').on('click', function () {              spider_page_0(this, 1, 1, 'numeric');              return false;            });            jQuery('.last-page-0').on('click', function () {              spider_page_0(this, 1, 2, 'numeric');              return false;            });        \t\t\t\t\/* Change page on input enter. *\/        function bwg_change_page_0( e, that ) {          if (  e.key == 'Enter' ) {            var to_page = parseInt(jQuery(that).val());            var pages_count = jQuery(that).parents(\".pagination-links\").data(\"pages-count\");            var current_url_param = jQuery(that).attr('data-url-info');            if (to_page > pages_count) {              to_page = 1;            }\t \t\t\t\t\t\t\t\t\t\t\t\tspider_page_0(this, to_page, 0, 'numeric');\t\t\t\t\t\t\treturn false;\t\t\t\t\t\t          }          return true;        }        jQuery('.bwg_load_btn_0').on('click', function () {            spider_page_0(this, 1, 1, true);            return false;        });      <\/script>      <\/span>                <\/div>        <\/form>        <style>          #bwg_container1_0 #bwg_container2_0 #spider_popup_overlay_0 {          background-color: #EEEEEE;          opacity: 0.60;          }          <\/style>        <div id=\"bwg_spider_popup_loading_0\" class=\"bwg_spider_popup_loading\"><\/div>        <div id=\"spider_popup_overlay_0\" class=\"spider_popup_overlay\" onclick=\"spider_destroypopup(1000)\"><\/div>        <input type=\"hidden\" id=\"bwg_random_seed_0\" value=\"1870269992\">                <\/div>    <\/div>    <script>      if (document.readyState === 'complete') {        if( typeof bwg_main_ready == 'function' ) {          if ( jQuery(\"#bwg_container1_0\").height() ) {            bwg_main_ready(jQuery(\"#bwg_container1_0\"));          }        }      } else {        document.addEventListener('DOMContentLoaded', function() {          if( typeof bwg_main_ready == 'function' ) {            if ( jQuery(\"#bwg_container1_0\").height() ) {             bwg_main_ready(jQuery(\"#bwg_container1_0\"));            }          }        });      }    <\/script>    \n","protected":false},"excerpt":{"rendered":"<p>L\u2019\u0153uvre n\u2019est que l\u2019\u00eele de d\u00e9part pour la grande randonn\u00e9e.L\u2019expression spontan\u00e9e donne comme par magie une v\u00e9rit\u00e9 existentielle \u00e0 la peinture. Par le mouvement du pinceau, je suscite une sorte de mutation cr\u00e9atrice. Peut-\u00eatre est-ce [&#8230;]<\/p>\n<p><a class=\"more-link btn btn-default btn-sm\" href=\"https:\/\/francoisemonnier.com\/index.php\/ecritures-dherbes-2021\/\">Continue Reading<\/a><\/p>\n","protected":false},"author":1,"featured_media":0,"parent":0,"menu_order":0,"comment_status":"closed","ping_status":"closed","template":"","meta":{"footnotes":""},"class_list":["post-277","page","type-page","status-publish","hentry"],"_links":{"self":[{"href":"https:\/\/francoisemonnier.com\/index.php\/wp-json\/wp\/v2\/pages\/277","targetHints":{"allow":["GET"]}}],"collection":[{"href":"https:\/\/francoisemonnier.com\/index.php\/wp-json\/wp\/v2\/pages"}],"about":[{"href":"https:\/\/francoisemonnier.com\/index.php\/wp-json\/wp\/v2\/types\/page"}],"author":[{"embeddable":true,"href":"https:\/\/francoisemonnier.com\/index.php\/wp-json\/wp\/v2\/users\/1"}],"replies":[{"embeddable":true,"href":"https:\/\/francoisemonnier.com\/index.php\/wp-json\/wp\/v2\/comments?post=277"}],"version-history":[{"count":0,"href":"https:\/\/francoisemonnier.com\/index.php\/wp-json\/wp\/v2\/pages\/277\/revisions"}],"wp:attachment":[{"href":"https:\/\/francoisemonnier.com\/index.php\/wp-json\/wp\/v2\/media?parent=277"}],"curies":[{"name":"wp","href":"https:\/\/api.w.org\/{rel}","templated":true}]}}