{"id":294,"date":"2024-05-30T17:41:35","date_gmt":"2024-05-30T15:41:35","guid":{"rendered":"https:\/\/francoisemonnier.com\/?page_id=294"},"modified":"2024-05-30T17:41:35","modified_gmt":"2024-05-30T15:41:35","slug":"le-chant-de-lherbe-2020","status":"publish","type":"page","link":"https:\/\/francoisemonnier.com\/index.php\/le-chant-de-lherbe-2020\/","title":{"rendered":"Le chant de l\u2019herbe, 2020"},"content":{"rendered":"\n<blockquote class=\"wp-block-quote is-layout-flow wp-block-quote-is-layout-flow\">\n<p>Les \u0153uvres issues du vide ont une gr\u00e2ce comparable \u00e0 celle du vent sur un champ de bl\u00e9. Elles sont le vent, elles sont le champ. Elles ne parlent pas. Elles donnent \u00e0 voir les cordes d\u2019un silence.<\/p>\n<cite>Christian Bobin, La nuit du c\u0153ur, chapitre 81- p164, Gallimard, Folio, 2018<\/cite><\/blockquote>\n\n\n\n<style id=\"bwg-style-0\">    #bwg_container1_0 #bwg_container2_0 .bwg-container-0.bwg-standard-thumbnails {      width: 2004px;              justify-content: center;        margin:0 auto !important;              background-color: rgba(255, 255, 255, 0.00);            padding-left: 4px;      padding-top: 4px;      max-width: 100%;            }        #bwg_container1_0 #bwg_container2_0 .bwg-container-0.bwg-standard-thumbnails .bwg-item {    justify-content: flex-start;      max-width: 400px;          }    #bwg_container1_0 #bwg_container2_0 .bwg-container-0.bwg-standard-thumbnails .bwg-item a {       margin-right: 4px;       margin-bottom: 4px;    }    #bwg_container1_0 #bwg_container2_0 .bwg-container-0.bwg-standard-thumbnails .bwg-item0 {      padding: 0px;            background-color:rgba(0,0,0, 0.30);      border: 0px none #CCCCCC;      opacity: 1.00;      border-radius: 0;      box-shadow: ;    }    #bwg_container1_0 #bwg_container2_0 .bwg-container-0.bwg-standard-thumbnails .bwg-item1 img {      max-height: none;      max-width: none;      padding: 0 !important;    }         @media only screen and (min-width: 480px) {\t\t#bwg_container1_0 #bwg_container2_0 .bwg-container-0.bwg-standard-thumbnails .bwg-item1 img {\t\t\t-webkit-transition: all .3s; transition: all .3s;\t\t}\t\t#bwg_container1_0 #bwg_container2_0 .bwg-container-0.bwg-standard-thumbnails .bwg-item1 img:hover {\t\t\t-ms-transform: scale(1.08);\t\t\t-webkit-transform: scale(1.08);\t\t\ttransform: scale(1.08);\t\t}\t\t\t\t.bwg-standard-thumbnails .bwg-zoom-effect .bwg-zoom-effect-overlay {\t\t\t\t\t\tbackground-color:rgba(0,0,0, 0.3);\t\t}\t\t.bwg-standard-thumbnails .bwg-zoom-effect:hover img {\t\t\t-ms-transform: scale(1.08);\t\t\t-webkit-transform: scale(1.08);\t\t\ttransform: scale(1.08);\t\t}\t\t      }\t    #bwg_container1_0 #bwg_container2_0 .bwg-container-0.bwg-standard-thumbnails .bwg-item1 {      padding-top: 100%;    }        #bwg_container1_0 #bwg_container2_0 .bwg-container-0.bwg-standard-thumbnails .bwg-title1 {      position: absolute;      top: 0;      z-index: 100;      width: 100%;      height: 100%;      display: flex;      justify-content: center;      align-content: center;      flex-direction: column;      opacity: 0;    }\t      #bwg_container1_0 #bwg_container2_0 .bwg-container-0.bwg-standard-thumbnails .bwg-title2,    #bwg_container1_0 #bwg_container2_0 .bwg-container-0.bwg-standard-thumbnails .bwg-ecommerce2 {      color: #FFFFFF;      font-family: Ubuntu;      font-size: 16px;      font-weight: bold;      padding: 2px;      text-shadow: ;      max-height: 100%;    }    #bwg_container1_0 #bwg_container2_0 .bwg-container-0.bwg-standard-thumbnails .bwg-thumb-description span {    color: #323A45;    font-family: Ubuntu;    font-size: 12px;    max-height: 100%;    word-wrap: break-word;    }    #bwg_container1_0 #bwg_container2_0 .bwg-container-0.bwg-standard-thumbnails .bwg-play-icon2 {      font-size: 32px;    }    #bwg_container1_0 #bwg_container2_0 .bwg-container-0.bwg-standard-thumbnails .bwg-ecommerce2 {      font-size: 19.2px;      color: #323A45;    }    <\/style>    <div id=\"bwg_container1_0\"         class=\"bwg_container bwg_thumbnail bwg_thumbnails \"         data-right-click-protection=\"0\"         data-bwg=\"0\"         data-scroll=\"0\"         data-gallery-type=\"thumbnails\"         data-gallery-view-type=\"thumbnails\"         data-current-url=\"\/index.php\/wp-json\/wp\/v2\/pages\/294\"         data-lightbox-url=\"https:\/\/francoisemonnier.com\/wp-admin\/admin-ajax.php?action=GalleryBox&#038;current_view=0&#038;gallery_id=5&#038;tag=0&#038;theme_id=1&#038;shortcode_id=18&#038;sort_by=order&#038;order_by=asc&#038;current_url=%2Findex.php%2Fwp-json%2Fwp%2Fv2%2Fpages%2F294\"         data-gallery-id=\"5\"         data-popup-width=\"800\"         data-popup-height=\"500\"         data-is-album=\"gallery\"         data-buttons-position=\"bottom\">      <div id=\"bwg_container2_0\">             <div id=\"ajax_loading_0\" class=\"bwg_loading_div_1\">      <div class=\"bwg_loading_div_2\">        <div class=\"bwg_loading_div_3\">          <div id=\"loading_div_0\" class=\"bwg_spider_ajax_loading\">          <\/div>        <\/div>      <\/div>    <\/div>            <form id=\"gal_front_form_0\"              class=\"bwg-hidden\"              method=\"post\"              action=\"#\"              data-current=\"0\"              data-shortcode-id=\"18\"              data-gallery-type=\"thumbnails\"              data-gallery-id=\"5\"              data-tag=\"0\"              data-album-id=\"0\"              data-theme-id=\"1\"              data-ajax-url=\"https:\/\/francoisemonnier.com\/wp-admin\/admin-ajax.php?action=bwg_frontend_data\">          <div id=\"bwg_container3_0\" class=\"bwg-background bwg-background-0\">                <div data-max-count=\"5\"         data-thumbnail-width=\"400\"         data-bwg=\"0\"         data-gallery-id=\"5\"         data-lightbox-url=\"https:\/\/francoisemonnier.com\/wp-admin\/admin-ajax.php?action=GalleryBox&amp;current_view=0&amp;gallery_id=5&amp;tag=0&amp;theme_id=1&amp;shortcode_id=18&amp;sort_by=order&amp;order_by=asc&amp;current_url=%2Findex.php%2Fwp-json%2Fwp%2Fv2%2Fpages%2F294\"         id=\"bwg_thumbnails_0\"         class=\"bwg-container-0 bwg-thumbnails bwg-standard-thumbnails bwg-container bwg-border-box\">            <div class=\"bwg-item\">        <a class=\"bwg-a  bwg_lightbox\"  data-image-id=\"27\" href=\"https:\/\/francoisemonnier.com\/wp-content\/uploads\/photo-gallery\/imported_from_media_libray\/FM-Le-chant-de-lherbe-1-acrylique-sur-toile-et-mine-graphite-100x80-2020.jpg?bwg=1717058885\" data-elementor-open-lightbox=\"no\">                <div class=\"bwg-item0 \">          <div class=\"bwg-item1 bwg-zoom-effect\">            <div class=\"bwg-item2\">              <img decoding=\"async\" class=\"skip-lazy bwg_standart_thumb_img_0 \"                   data-id=\"27\"                   data-width=\"403.00\"                   data-height=\"500.00\"                   data-src=\"https:\/\/francoisemonnier.com\/wp-content\/uploads\/photo-gallery\/imported_from_media_libray\/thumb\/FM-Le-chant-de-lherbe-1-acrylique-sur-toile-et-mine-graphite-100x80-2020.jpg?bwg=1717058885\"                   src=\"https:\/\/francoisemonnier.com\/wp-content\/uploads\/photo-gallery\/imported_from_media_libray\/thumb\/FM-Le-chant-de-lherbe-1-acrylique-sur-toile-et-mine-graphite-100x80-2020.jpg?bwg=1717058885\"                   alt=\"FM- Le chant de l&#039;herbe-1-acrylique sur toile et mine graphite -100x80-2020\"                   title=\"FM- Le chant de l&#039;herbe-1-acrylique sur toile et mine graphite -100x80-2020\" \/>            <\/div>            <div class=\"bwg-zoom-effect-overlay\">              <div class=\"bwg-title1\"><div class=\"bwg-title2\">FM- Le chant de l'herbe-1-acrylique sur toile et mine graphite -100x80-2020<\/div><\/div>                                        <\/div>          <\/div>        <\/div>                        <\/a>              <\/div>            <div class=\"bwg-item\">        <a class=\"bwg-a  bwg_lightbox\"  data-image-id=\"34\" href=\"https:\/\/francoisemonnier.com\/wp-content\/uploads\/photo-gallery\/imported_from_media_libray\/FM-Le-chant-de-lherbe-2-acrylique-sur-toile-et-mine-graphite-100x80-2020.jpg?bwg=1717058885\" data-elementor-open-lightbox=\"no\">                <div class=\"bwg-item0 \">          <div class=\"bwg-item1 bwg-zoom-effect\">            <div class=\"bwg-item2\">              <img decoding=\"async\" class=\"skip-lazy bwg_standart_thumb_img_0 \"                   data-id=\"34\"                   data-width=\"401.00\"                   data-height=\"500.00\"                   data-src=\"https:\/\/francoisemonnier.com\/wp-content\/uploads\/photo-gallery\/imported_from_media_libray\/thumb\/FM-Le-chant-de-lherbe-2-acrylique-sur-toile-et-mine-graphite-100x80-2020.jpg?bwg=1717058885\"                   src=\"https:\/\/francoisemonnier.com\/wp-content\/uploads\/photo-gallery\/imported_from_media_libray\/thumb\/FM-Le-chant-de-lherbe-2-acrylique-sur-toile-et-mine-graphite-100x80-2020.jpg?bwg=1717058885\"                   alt=\"FM- Le chant de l&#039;herbe-2-acrylique sur toile et mine graphite -100x80-2020\"                   title=\"FM- Le chant de l&#039;herbe-2-acrylique sur toile et mine graphite -100x80-2020\" \/>            <\/div>            <div class=\"bwg-zoom-effect-overlay\">              <div class=\"bwg-title1\"><div class=\"bwg-title2\">FM- Le chant de l'herbe-2-acrylique sur toile et mine graphite -100x80-2020<\/div><\/div>                                        <\/div>          <\/div>        <\/div>                        <\/a>              <\/div>            <div class=\"bwg-item\">        <a class=\"bwg-a  bwg_lightbox\"  data-image-id=\"33\" href=\"https:\/\/francoisemonnier.com\/wp-content\/uploads\/photo-gallery\/imported_from_media_libray\/FM-Le-chant-de-lherbe-3-acrylique-sur-toile-et-mine-graphite-100x80-2020.jpg?bwg=1717058885\" data-elementor-open-lightbox=\"no\">                <div class=\"bwg-item0 \">          <div class=\"bwg-item1 bwg-zoom-effect\">            <div class=\"bwg-item2\">              <img decoding=\"async\" class=\"skip-lazy bwg_standart_thumb_img_0 \"                   data-id=\"33\"                   data-width=\"400.00\"                   data-height=\"500.00\"                   data-src=\"https:\/\/francoisemonnier.com\/wp-content\/uploads\/photo-gallery\/imported_from_media_libray\/thumb\/FM-Le-chant-de-lherbe-3-acrylique-sur-toile-et-mine-graphite-100x80-2020.jpg?bwg=1717058885\"                   src=\"https:\/\/francoisemonnier.com\/wp-content\/uploads\/photo-gallery\/imported_from_media_libray\/thumb\/FM-Le-chant-de-lherbe-3-acrylique-sur-toile-et-mine-graphite-100x80-2020.jpg?bwg=1717058885\"                   alt=\"FM- Le chant de l&#039;herbe-3-acrylique sur toile et mine graphite -100x80-2020\"                   title=\"FM- Le chant de l&#039;herbe-3-acrylique sur toile et mine graphite -100x80-2020\" \/>            <\/div>            <div class=\"bwg-zoom-effect-overlay\">              <div class=\"bwg-title1\"><div class=\"bwg-title2\">FM- Le chant de l'herbe-3-acrylique sur toile et mine graphite -100x80-2020<\/div><\/div>                                        <\/div>          <\/div>        <\/div>                        <\/a>              <\/div>            <div class=\"bwg-item\">        <a class=\"bwg-a  bwg_lightbox\"  data-image-id=\"32\" href=\"https:\/\/francoisemonnier.com\/wp-content\/uploads\/photo-gallery\/imported_from_media_libray\/FM-Le-chant-de-lherbe-4-acrylique-sur-toile-et-mine-graphite-100x80-2020-rotated.jpg?bwg=1717058885\" data-elementor-open-lightbox=\"no\">                <div class=\"bwg-item0 \">          <div class=\"bwg-item1 bwg-zoom-effect\">            <div class=\"bwg-item2\">              <img decoding=\"async\" class=\"skip-lazy bwg_standart_thumb_img_0 \"                   data-id=\"32\"                   data-width=\"405.00\"                   data-height=\"500.00\"                   data-src=\"https:\/\/francoisemonnier.com\/wp-content\/uploads\/photo-gallery\/imported_from_media_libray\/thumb\/FM-Le-chant-de-lherbe-4-acrylique-sur-toile-et-mine-graphite-100x80-2020-rotated.jpg?bwg=1717058885\"                   src=\"https:\/\/francoisemonnier.com\/wp-content\/uploads\/photo-gallery\/imported_from_media_libray\/thumb\/FM-Le-chant-de-lherbe-4-acrylique-sur-toile-et-mine-graphite-100x80-2020-rotated.jpg?bwg=1717058885\"                   alt=\"FM- Le chant de l&#039;herbe-4-acrylique sur toile et mine graphite -100x80-2020\"                   title=\"FM- Le chant de l&#039;herbe-4-acrylique sur toile et mine graphite -100x80-2020\" \/>            <\/div>            <div class=\"bwg-zoom-effect-overlay\">              <div class=\"bwg-title1\"><div class=\"bwg-title2\">FM- Le chant de l'herbe-4-acrylique sur toile et mine graphite -100x80-2020<\/div><\/div>                                        <\/div>          <\/div>        <\/div>                        <\/a>              <\/div>            <div class=\"bwg-item\">        <a class=\"bwg-a  bwg_lightbox\"  data-image-id=\"31\" href=\"https:\/\/francoisemonnier.com\/wp-content\/uploads\/photo-gallery\/imported_from_media_libray\/FM-Le-chant-de-lherbe-5-acrylique-sur-toile-et-mine-graphite-100x80-2020.jpg?bwg=1717058885\" data-elementor-open-lightbox=\"no\">                <div class=\"bwg-item0 \">          <div class=\"bwg-item1 bwg-zoom-effect\">            <div class=\"bwg-item2\">              <img decoding=\"async\" class=\"skip-lazy bwg_standart_thumb_img_0 \"                   data-id=\"31\"                   data-width=\"405.00\"                   data-height=\"500.00\"                   data-src=\"https:\/\/francoisemonnier.com\/wp-content\/uploads\/photo-gallery\/imported_from_media_libray\/thumb\/FM-Le-chant-de-lherbe-5-acrylique-sur-toile-et-mine-graphite-100x80-2020.jpg?bwg=1717058885\"                   src=\"https:\/\/francoisemonnier.com\/wp-content\/uploads\/photo-gallery\/imported_from_media_libray\/thumb\/FM-Le-chant-de-lherbe-5-acrylique-sur-toile-et-mine-graphite-100x80-2020.jpg?bwg=1717058885\"                   alt=\"FM- Le chant de l&#039;herbe-5-acrylique sur toile et mine graphite -100x80-2020\"                   title=\"FM- Le chant de l&#039;herbe-5-acrylique sur toile et mine graphite -100x80-2020\" \/>            <\/div>            <div class=\"bwg-zoom-effect-overlay\">              <div class=\"bwg-title1\"><div class=\"bwg-title2\">FM- Le chant de l'herbe-5-acrylique sur toile et mine graphite -100x80-2020<\/div><\/div>                                        <\/div>          <\/div>        <\/div>                        <\/a>              <\/div>            <div class=\"bwg-item\">        <a class=\"bwg-a  bwg_lightbox\"  data-image-id=\"30\" href=\"https:\/\/francoisemonnier.com\/wp-content\/uploads\/photo-gallery\/imported_from_media_libray\/FM-Le-chant-de-lherbe-6-acrylique-sur-toile-et-mine-graphite-100x80-2020.jpg?bwg=1717058885\" data-elementor-open-lightbox=\"no\">                <div class=\"bwg-item0 \">          <div class=\"bwg-item1 bwg-zoom-effect\">            <div class=\"bwg-item2\">              <img decoding=\"async\" class=\"skip-lazy bwg_standart_thumb_img_0 \"                   data-id=\"30\"                   data-width=\"396.00\"                   data-height=\"500.00\"                   data-src=\"https:\/\/francoisemonnier.com\/wp-content\/uploads\/photo-gallery\/imported_from_media_libray\/thumb\/FM-Le-chant-de-lherbe-6-acrylique-sur-toile-et-mine-graphite-100x80-2020.jpg?bwg=1717058885\"                   src=\"https:\/\/francoisemonnier.com\/wp-content\/uploads\/photo-gallery\/imported_from_media_libray\/thumb\/FM-Le-chant-de-lherbe-6-acrylique-sur-toile-et-mine-graphite-100x80-2020.jpg?bwg=1717058885\"                   alt=\"FM- Le chant de l&#039;herbe-6-acrylique sur toile et mine graphite -100x80-2020\"                   title=\"FM- Le chant de l&#039;herbe-6-acrylique sur toile et mine graphite -100x80-2020\" \/>            <\/div>            <div class=\"bwg-zoom-effect-overlay\">              <div class=\"bwg-title1\"><div class=\"bwg-title2\">FM- Le chant de l'herbe-6-acrylique sur toile et mine graphite -100x80-2020<\/div><\/div>                                        <\/div>          <\/div>        <\/div>                        <\/a>              <\/div>            <div class=\"bwg-item\">        <a class=\"bwg-a  bwg_lightbox\"  data-image-id=\"29\" href=\"https:\/\/francoisemonnier.com\/wp-content\/uploads\/photo-gallery\/imported_from_media_libray\/FM-Le-chant-de-lherbe-7-acrylique-sur-toile-et-mine-graphite-100x80-2020.jpg?bwg=1717058885\" data-elementor-open-lightbox=\"no\">                <div class=\"bwg-item0 \">          <div class=\"bwg-item1 bwg-zoom-effect\">            <div class=\"bwg-item2\">              <img decoding=\"async\" class=\"skip-lazy bwg_standart_thumb_img_0 \"                   data-id=\"29\"                   data-width=\"398.00\"                   data-height=\"500.00\"                   data-src=\"https:\/\/francoisemonnier.com\/wp-content\/uploads\/photo-gallery\/imported_from_media_libray\/thumb\/FM-Le-chant-de-lherbe-7-acrylique-sur-toile-et-mine-graphite-100x80-2020.jpg?bwg=1717058885\"                   src=\"https:\/\/francoisemonnier.com\/wp-content\/uploads\/photo-gallery\/imported_from_media_libray\/thumb\/FM-Le-chant-de-lherbe-7-acrylique-sur-toile-et-mine-graphite-100x80-2020.jpg?bwg=1717058885\"                   alt=\"FM- Le chant de l&#039;herbe-7-acrylique sur toile et mine graphite -100x80-2020\"                   title=\"FM- Le chant de l&#039;herbe-7-acrylique sur toile et mine graphite -100x80-2020\" \/>            <\/div>            <div class=\"bwg-zoom-effect-overlay\">              <div class=\"bwg-title1\"><div class=\"bwg-title2\">FM- Le chant de l'herbe-7-acrylique sur toile et mine graphite -100x80-2020<\/div><\/div>                                        <\/div>          <\/div>        <\/div>                        <\/a>              <\/div>            <div class=\"bwg-item\">        <a class=\"bwg-a  bwg_lightbox\"  data-image-id=\"28\" href=\"https:\/\/francoisemonnier.com\/wp-content\/uploads\/photo-gallery\/imported_from_media_libray\/FM-Le-chant-de-lherbe-8-acrylique-sur-toile-et-mine-graphite-100x80-2020-2.jpg?bwg=1717058885\" data-elementor-open-lightbox=\"no\">                <div class=\"bwg-item0 \">          <div class=\"bwg-item1 bwg-zoom-effect\">            <div class=\"bwg-item2\">              <img decoding=\"async\" class=\"skip-lazy bwg_standart_thumb_img_0 \"                   data-id=\"28\"                   data-width=\"405.00\"                   data-height=\"500.00\"                   data-src=\"https:\/\/francoisemonnier.com\/wp-content\/uploads\/photo-gallery\/imported_from_media_libray\/thumb\/FM-Le-chant-de-lherbe-8-acrylique-sur-toile-et-mine-graphite-100x80-2020-2.jpg?bwg=1717058885\"                   src=\"https:\/\/francoisemonnier.com\/wp-content\/uploads\/photo-gallery\/imported_from_media_libray\/thumb\/FM-Le-chant-de-lherbe-8-acrylique-sur-toile-et-mine-graphite-100x80-2020-2.jpg?bwg=1717058885\"                   alt=\"charset=Ascii\"                   title=\"charset=Ascii\" \/>            <\/div>            <div class=\"bwg-zoom-effect-overlay\">              <div class=\"bwg-title1\"><div class=\"bwg-title2\">charset=Ascii<\/div><\/div>                                        <\/div>          <\/div>        <\/div>                        <\/a>              <\/div>          <\/div>    <style>      \/*pagination styles*\/      #bwg_container1_0 #bwg_container2_0 .tablenav-pages_0 {\t\t\t\ttext-align: center;\t\t\t\tfont-size: 12px;\t\t\t\tfont-family: Ubuntu;\t\t\t\tfont-weight: bold;\t\t\t\tcolor: #666666;\t\t\t\tmargin: 6px 0 4px;\t\t\t\tdisplay: block;      }      @media only screen and (max-width : 320px) {      #bwg_container1_0 #bwg_container2_0 .displaying-num_0 {     \t display: none;      }      }      #bwg_container1_0 #bwg_container2_0 .displaying-num_0 {\t\t\t\tfont-size: 12px;\t\t\t\tfont-family: Ubuntu;\t\t\t\tfont-weight: bold;\t\t\t\tcolor: #666666;\t\t\t\tmargin-right: 10px;\t\t\t\tvertical-align: middle;      }      #bwg_container1_0 #bwg_container2_0 .paging-input_0 {\t\t\t\tfont-size: 12px;\t\t\t\tfont-family: Ubuntu;\t\t\t\tfont-weight: bold;\t\t\t\tcolor: #666666;\t\t\t\tvertical-align: middle;      }      #bwg_container1_0 #bwg_container2_0 .tablenav-pages_0 a.disabled,      #bwg_container1_0 #bwg_container2_0 .tablenav-pages_0 a.disabled:hover,      #bwg_container1_0 #bwg_container2_0 .tablenav-pages_0 a.disabled:focus,\t\t\t#bwg_container1_0 #bwg_container2_0 .tablenav-pages_0 input.bwg_current_page {\t\t\t\tcursor: default;\t\t\t\tcolor: rgba(102, 102, 102, 0.5);      }      #bwg_container1_0 #bwg_container2_0 .tablenav-pages_0 a,      #bwg_container1_0 #bwg_container2_0 .tablenav-pages_0 input.bwg_current_page {\t\t\t\tcursor: pointer;\t\t\t\ttext-align: center;\t\t\t\tfont-size: 12px;\t\t\t\tfont-family: Ubuntu;\t\t\t\tfont-weight: bold;\t\t\t\tcolor: #666666;\t\t\t\ttext-decoration: none;\t\t\t\tpadding: 3px 6px;\t\t\t\tmargin: 0;\t\t\t\tborder-radius: 0;\t\t\t\tborder-style: solid;\t\t\t\tborder-width: 1px;\t\t\t\tborder-color: #E3E3E3;\t\t\t\t\t\t\t\tbackground-color: rgba(255, 255, 255, 1.00);\t\t\t\tbox-shadow: 0;\t\t\t\ttransition: all 0.3s ease 0s;-webkit-transition: all 0.3s ease 0s;      }      <\/style>      <span class=\"bwg_nav_cont_0\">              <div class=\"tablenav-pages_0\">                  <\/div>                <input type=\"hidden\" id=\"page_number_0\" name=\"page_number_0\" value=\"1\" \/>      <script type=\"text\/javascript\">        if( jQuery('.bwg_nav_cont_0').length > 1 ) {          jQuery('.bwg_nav_cont_0').first().remove()        }        function spider_page_0(cur, x, y, load_more) {          if (typeof load_more == \"undefined\") {            var load_more = false;          }          if (jQuery(cur).hasClass('disabled')) {            return false;          }          var items_county_0 = 1;          switch (y) {            case 1:              if (x >= items_county_0) {                document.getElementById('page_number_0').value = items_county_0;              }              else {                document.getElementById('page_number_0').value = x + 1;              }              break;            case 2:              document.getElementById('page_number_0').value = items_county_0;              break;            case -1:              if (x == 1) {                document.getElementById('page_number_0').value = 1;              }              else {                document.getElementById('page_number_0').value = x - 1;              }              break;            case -2:              document.getElementById('page_number_0').value = 1;              break;\t\t\t\t\t\tcase 0:              document.getElementById('page_number_0').value = x;              break;            default:              document.getElementById('page_number_0').value = 1;          }          bwg_ajax('gal_front_form_0', '0', 'bwg_thumbnails_0', '0', '', 'gallery', 0, '', '', load_more, '', 1);        }                    jQuery('.first-page-0').on('click', function () {              spider_page_0(this, 1, -2, 'numeric');              return false;            });            jQuery('.prev-page-0').on('click', function () {              spider_page_0(this, 1, -1, 'numeric');              return false;            });            jQuery('.next-page-0').on('click', function () {              spider_page_0(this, 1, 1, 'numeric');              return false;            });            jQuery('.last-page-0').on('click', function () {              spider_page_0(this, 1, 2, 'numeric');              return false;            });        \t\t\t\t\/* Change page on input enter. *\/        function bwg_change_page_0( e, that ) {          if (  e.key == 'Enter' ) {            var to_page = parseInt(jQuery(that).val());            var pages_count = jQuery(that).parents(\".pagination-links\").data(\"pages-count\");            var current_url_param = jQuery(that).attr('data-url-info');            if (to_page > pages_count) {              to_page = 1;            }\t \t\t\t\t\t\t\t\t\t\t\t\tspider_page_0(this, to_page, 0, 'numeric');\t\t\t\t\t\t\treturn false;\t\t\t\t\t\t          }          return true;        }        jQuery('.bwg_load_btn_0').on('click', function () {            spider_page_0(this, 1, 1, true);            return false;        });      <\/script>      <\/span>                <\/div>        <\/form>        <style>          #bwg_container1_0 #bwg_container2_0 #spider_popup_overlay_0 {          background-color: #EEEEEE;          opacity: 0.60;          }          <\/style>        <div id=\"bwg_spider_popup_loading_0\" class=\"bwg_spider_popup_loading\"><\/div>        <div id=\"spider_popup_overlay_0\" class=\"spider_popup_overlay\" onclick=\"spider_destroypopup(1000)\"><\/div>        <input type=\"hidden\" id=\"bwg_random_seed_0\" value=\"506740858\">                <\/div>    <\/div>    <script>      if (document.readyState === 'complete') {        if( typeof bwg_main_ready == 'function' ) {          if ( jQuery(\"#bwg_container1_0\").height() ) {            bwg_main_ready(jQuery(\"#bwg_container1_0\"));          }        }      } else {        document.addEventListener('DOMContentLoaded', function() {          if( typeof bwg_main_ready == 'function' ) {            if ( jQuery(\"#bwg_container1_0\").height() ) {             bwg_main_ready(jQuery(\"#bwg_container1_0\"));            }          }        });      }    <\/script>    \n","protected":false},"excerpt":{"rendered":"<p>Les \u0153uvres issues du vide ont une gr\u00e2ce comparable \u00e0 celle du vent sur un champ de bl\u00e9. Elles sont le vent, elles sont le champ. Elles ne parlent pas. Elles donnent \u00e0 voir les [&#8230;]<\/p>\n<p><a class=\"more-link btn btn-default btn-sm\" href=\"https:\/\/francoisemonnier.com\/index.php\/le-chant-de-lherbe-2020\/\">Continue Reading<\/a><\/p>\n","protected":false},"author":1,"featured_media":0,"parent":0,"menu_order":0,"comment_status":"closed","ping_status":"closed","template":"","meta":{"footnotes":""},"class_list":["post-294","page","type-page","status-publish","hentry"],"_links":{"self":[{"href":"https:\/\/francoisemonnier.com\/index.php\/wp-json\/wp\/v2\/pages\/294","targetHints":{"allow":["GET"]}}],"collection":[{"href":"https:\/\/francoisemonnier.com\/index.php\/wp-json\/wp\/v2\/pages"}],"about":[{"href":"https:\/\/francoisemonnier.com\/index.php\/wp-json\/wp\/v2\/types\/page"}],"author":[{"embeddable":true,"href":"https:\/\/francoisemonnier.com\/index.php\/wp-json\/wp\/v2\/users\/1"}],"replies":[{"embeddable":true,"href":"https:\/\/francoisemonnier.com\/index.php\/wp-json\/wp\/v2\/comments?post=294"}],"version-history":[{"count":0,"href":"https:\/\/francoisemonnier.com\/index.php\/wp-json\/wp\/v2\/pages\/294\/revisions"}],"wp:attachment":[{"href":"https:\/\/francoisemonnier.com\/index.php\/wp-json\/wp\/v2\/media?parent=294"}],"curies":[{"name":"wp","href":"https:\/\/api.w.org\/{rel}","templated":true}]}}